{"id":374,"date":"2022-03-24T16:48:26","date_gmt":"2022-03-24T16:48:26","guid":{"rendered":"https:\/\/web4.4vlab.org\/?post_type=product&#038;p=374"},"modified":"2022-04-13T07:59:03","modified_gmt":"2022-04-13T07:59:03","slug":"kit-fiesta","status":"publish","type":"product","link":"https:\/\/web4.4vlab.org\/index.php\/producto\/kit-fiesta\/","title":{"rendered":"KIT FIESTA"},"content":{"rendered":"<p>\u00bfQuieres disfrutar de tus d\u00edas de ocio? Con \u00e9ste kit\u00a0 ponemos a tu disposici\u00f3n todo lo necesario para vivir una experiencia \u00fanica, su contenido debe ser utilizado por personas mayores de edad\u00a0 (+18).<\/p>\n","protected":false},"excerpt":{"rendered":"<p>Encontrar\u00e1s: ginebra, vodka blanco, pachar\u00e1n, kas, confetti, preservativos y pulseras de ne\u00f3n.<\/p>\n","protected":false},"featured_media":50,"comment_status":"open","ping_status":"closed","template":"","meta":[],"product_cat":[19],"product_tag":[],"class_list":["post-374","product","type-product","status-publish","has-post-thumbnail","hentry","product_cat-fiesta"],"_links":{"self":[{"href":"https:\/\/web4.4vlab.org\/index.php\/wp-json\/wp\/v2\/product\/374","targetHints":{"allow":["GET"]}}],"collection":[{"href":"https:\/\/web4.4vlab.org\/index.php\/wp-json\/wp\/v2\/product"}],"about":[{"href":"https:\/\/web4.4vlab.org\/index.php\/wp-json\/wp\/v2\/types\/product"}],"replies":[{"embeddable":true,"href":"https:\/\/web4.4vlab.org\/index.php\/wp-json\/wp\/v2\/comments?post=374"}],"wp:featuredmedia":[{"embeddable":true,"href":"https:\/\/web4.4vlab.org\/index.php\/wp-json\/wp\/v2\/media\/50"}],"wp:attachment":[{"href":"https:\/\/web4.4vlab.org\/index.php\/wp-json\/wp\/v2\/media?parent=374"}],"wp:term":[{"taxonomy":"product_cat","embeddable":true,"href":"https:\/\/web4.4vlab.org\/index.php\/wp-json\/wp\/v2\/product_cat?post=374"},{"taxonomy":"product_tag","embeddable":true,"href":"https:\/\/web4.4vlab.org\/index.php\/wp-json\/wp\/v2\/product_tag?post=374"}],"curies":[{"name":"wp","href":"https:\/\/api.w.org\/{rel}","templated":true}]}}