{"id":378,"date":"2022-03-24T16:49:51","date_gmt":"2022-03-24T16:49:51","guid":{"rendered":"https:\/\/web4.4vlab.org\/?post_type=product&#038;p=378"},"modified":"2022-04-25T10:18:33","modified_gmt":"2022-04-25T10:18:33","slug":"kit-antiestres","status":"publish","type":"product","link":"https:\/\/web4.4vlab.org\/index.php\/producto\/kit-antiestres\/","title":{"rendered":"KIT ANTIESTR\u00c9S"},"content":{"rendered":"<p><span class=\"JsGRdQ\">Kit ideal para relajarte en el momento en que llegas a casa despu\u00e9s de un duro d\u00eda. Puedes encenderte unas velas, mientras disfrutas de un ba\u00f1o con nuestra bomba y podr\u00e1s sentirte mucho mejor.<\/span><\/p>\n","protected":false},"excerpt":{"rendered":"<p><span class=\"JsGRdQ\">Encontrar\u00e1s:<\/span> A<span class=\"JsGRdQ\">ceite corporal, velas, masajeador de cabeza y bomba de ba\u00f1o, crema de manos.<\/span><\/p>\n","protected":false},"featured_media":383,"comment_status":"open","ping_status":"closed","template":"","meta":[],"product_cat":[22],"product_tag":[],"class_list":["post-378","product","type-product","status-publish","has-post-thumbnail","hentry","product_cat-bienestar"],"_links":{"self":[{"href":"https:\/\/web4.4vlab.org\/index.php\/wp-json\/wp\/v2\/product\/378","targetHints":{"allow":["GET"]}}],"collection":[{"href":"https:\/\/web4.4vlab.org\/index.php\/wp-json\/wp\/v2\/product"}],"about":[{"href":"https:\/\/web4.4vlab.org\/index.php\/wp-json\/wp\/v2\/types\/product"}],"replies":[{"embeddable":true,"href":"https:\/\/web4.4vlab.org\/index.php\/wp-json\/wp\/v2\/comments?post=378"}],"wp:featuredmedia":[{"embeddable":true,"href":"https:\/\/web4.4vlab.org\/index.php\/wp-json\/wp\/v2\/media\/383"}],"wp:attachment":[{"href":"https:\/\/web4.4vlab.org\/index.php\/wp-json\/wp\/v2\/media?parent=378"}],"wp:term":[{"taxonomy":"product_cat","embeddable":true,"href":"https:\/\/web4.4vlab.org\/index.php\/wp-json\/wp\/v2\/product_cat?post=378"},{"taxonomy":"product_tag","embeddable":true,"href":"https:\/\/web4.4vlab.org\/index.php\/wp-json\/wp\/v2\/product_tag?post=378"}],"curies":[{"name":"wp","href":"https:\/\/api.w.org\/{rel}","templated":true}]}}