{"id":819,"date":"2022-04-13T08:20:06","date_gmt":"2022-04-13T08:20:06","guid":{"rendered":"https:\/\/web4.4vlab.org\/?post_type=product&#038;p=819"},"modified":"2022-04-13T08:20:06","modified_gmt":"2022-04-13T08:20:06","slug":"text-kit","status":"publish","type":"product","link":"https:\/\/web4.4vlab.org\/index.php\/en\/producto\/text-kit\/","title":{"rendered":"Text kit"},"content":{"rendered":"<p><span class=\"JsGRdQ\">Hemos creado este kit para que tus d\u00edas de estudio sean m\u00e1s llevaderas. Podr\u00e1s encontrar desde un poco de az\u00facar, para animarte, cafe\u00edna para despertarte o bol\u00edgrafos para poder hacer tus res\u00famenes.<\/span><\/p>\n","protected":false},"excerpt":{"rendered":"<p><span class=\"JsGRdQ\">Encontrar\u00e1s:<\/span> <span class=\"JsGRdQ\">Taza con mensaje, caja de t\u00e9, subrayadores, pinturas, posits, bollo<\/span><\/p>\n","protected":false},"featured_media":59,"comment_status":"open","ping_status":"closed","template":"","meta":[],"product_cat":[58],"product_tag":[],"class_list":["post-819","product","type-product","status-publish","has-post-thumbnail","hentry","product_cat-welfare"],"_links":{"self":[{"href":"https:\/\/web4.4vlab.org\/index.php\/wp-json\/wp\/v2\/product\/819","targetHints":{"allow":["GET"]}}],"collection":[{"href":"https:\/\/web4.4vlab.org\/index.php\/wp-json\/wp\/v2\/product"}],"about":[{"href":"https:\/\/web4.4vlab.org\/index.php\/wp-json\/wp\/v2\/types\/product"}],"replies":[{"embeddable":true,"href":"https:\/\/web4.4vlab.org\/index.php\/wp-json\/wp\/v2\/comments?post=819"}],"wp:featuredmedia":[{"embeddable":true,"href":"https:\/\/web4.4vlab.org\/index.php\/wp-json\/wp\/v2\/media\/59"}],"wp:attachment":[{"href":"https:\/\/web4.4vlab.org\/index.php\/wp-json\/wp\/v2\/media?parent=819"}],"wp:term":[{"taxonomy":"product_cat","embeddable":true,"href":"https:\/\/web4.4vlab.org\/index.php\/wp-json\/wp\/v2\/product_cat?post=819"},{"taxonomy":"product_tag","embeddable":true,"href":"https:\/\/web4.4vlab.org\/index.php\/wp-json\/wp\/v2\/product_tag?post=819"}],"curies":[{"name":"wp","href":"https:\/\/api.w.org\/{rel}","templated":true}]}}